{"id":1682,"date":"2024-07-27T12:07:18","date_gmt":"2024-07-27T12:07:18","guid":{"rendered":"https:\/\/przystan-pod-lasem.com\/?page_id=1682"},"modified":"2024-08-24T11:49:07","modified_gmt":"2024-08-24T11:49:07","slug":"niezbednik","status":"publish","type":"page","link":"https:\/\/przystan-pod-lasem.com\/index.php\/niezbednik\/","title":{"rendered":"Niezb\u0119dnik"},"content":{"rendered":"\t\t<div data-elementor-type=\"wp-page\" data-elementor-id=\"1682\" class=\"elementor elementor-1682\" data-elementor-post-type=\"page\">\n\t\t\t\t<div class=\"elementor-element elementor-element-55bab43 e-flex e-con-boxed e-con e-parent\" data-id=\"55bab43\" data-element_type=\"container\">\n\t\t\t\t\t<div class=\"e-con-inner\">\n\t\t\t\t<div class=\"elementor-element elementor-element-7a14b5f elementor-widget elementor-widget-spacer\" data-id=\"7a14b5f\" data-element_type=\"widget\" data-widget_type=\"spacer.default\">\n\t\t\t\t<div class=\"elementor-widget-container\">\n\t\t\t<style>\/*! elementor - v3.23.0 - 15-07-2024 *\/\n.elementor-column .elementor-spacer-inner{height:var(--spacer-size)}.e-con{--container-widget-width:100%}.e-con-inner>.elementor-widget-spacer,.e-con>.elementor-widget-spacer{width:var(--container-widget-width,var(--spacer-size));--align-self:var(--container-widget-align-self,initial);--flex-shrink:0}.e-con-inner>.elementor-widget-spacer>.elementor-widget-container,.e-con>.elementor-widget-spacer>.elementor-widget-container{height:100%;width:100%}.e-con-inner>.elementor-widget-spacer>.elementor-widget-container>.elementor-spacer,.e-con>.elementor-widget-spacer>.elementor-widget-container>.elementor-spacer{height:100%}.e-con-inner>.elementor-widget-spacer>.elementor-widget-container>.elementor-spacer>.elementor-spacer-inner,.e-con>.elementor-widget-spacer>.elementor-widget-container>.elementor-spacer>.elementor-spacer-inner{height:var(--container-widget-height,var(--spacer-size))}.e-con-inner>.elementor-widget-spacer.elementor-widget-empty,.e-con>.elementor-widget-spacer.elementor-widget-empty{position:relative;min-height:22px;min-width:22px}.e-con-inner>.elementor-widget-spacer.elementor-widget-empty .elementor-widget-empty-icon,.e-con>.elementor-widget-spacer.elementor-widget-empty .elementor-widget-empty-icon{position:absolute;top:0;bottom:0;left:0;right:0;margin:auto;padding:0;width:22px;height:22px}<\/style>\t\t<div class=\"elementor-spacer\">\n\t\t\t<div class=\"elementor-spacer-inner\"><\/div>\n\t\t<\/div>\n\t\t\t\t<\/div>\n\t\t\t\t<\/div>\n\t\t\t\t\t<\/div>\n\t\t\t\t<\/div>\n\t\t<div class=\"elementor-element elementor-element-6ec3645 e-flex e-con-boxed e-con e-parent\" data-id=\"6ec3645\" data-element_type=\"container\">\n\t\t\t\t\t<div class=\"e-con-inner\">\n\t\t<div class=\"elementor-element elementor-element-1433c66 e-con-full e-flex e-con e-child\" data-id=\"1433c66\" data-element_type=\"container\">\n\t\t\t\t<div class=\"elementor-element elementor-element-6752d94 elementor-widget elementor-widget-image\" data-id=\"6752d94\" data-element_type=\"widget\" data-widget_type=\"image.default\">\n\t\t\t\t<div class=\"elementor-widget-container\">\n\t\t\t<style>\/*! elementor - v3.23.0 - 15-07-2024 *\/\n.elementor-widget-image{text-align:center}.elementor-widget-image a{display:inline-block}.elementor-widget-image a img[src$=\".svg\"]{width:48px}.elementor-widget-image img{vertical-align:middle;display:inline-block}<\/style>\t\t\t\t\t\t\t\t\t\t<img fetchpriority=\"high\" decoding=\"async\" width=\"768\" height=\"1024\" src=\"https:\/\/przystan-pod-lasem.com\/wp-content\/uploads\/2024\/07\/076597fa-7fcf-4fbe-99f7-32d6b7cb47bf-768x1024.jpeg\" class=\"attachment-large size-large wp-image-1700\" alt=\"\" srcset=\"https:\/\/przystan-pod-lasem.com\/wp-content\/uploads\/2024\/07\/076597fa-7fcf-4fbe-99f7-32d6b7cb47bf-768x1024.jpeg 768w, https:\/\/przystan-pod-lasem.com\/wp-content\/uploads\/2024\/07\/076597fa-7fcf-4fbe-99f7-32d6b7cb47bf-225x300.jpeg 225w, https:\/\/przystan-pod-lasem.com\/wp-content\/uploads\/2024\/07\/076597fa-7fcf-4fbe-99f7-32d6b7cb47bf-1152x1536.jpeg 1152w, https:\/\/przystan-pod-lasem.com\/wp-content\/uploads\/2024\/07\/076597fa-7fcf-4fbe-99f7-32d6b7cb47bf.jpeg 1536w\" sizes=\"(max-width: 768px) 100vw, 768px\" \/>\t\t\t\t\t\t\t\t\t\t\t\t\t<\/div>\n\t\t\t\t<\/div>\n\t\t\t\t<\/div>\n\t\t<div class=\"elementor-element elementor-element-5aff1c4 e-con-full e-flex e-con e-child\" data-id=\"5aff1c4\" data-element_type=\"container\">\n\t\t\t\t<div class=\"elementor-element elementor-element-505672f elementor-widget elementor-widget-text-editor\" data-id=\"505672f\" data-element_type=\"widget\" data-widget_type=\"text-editor.default\">\n\t\t\t\t<div class=\"elementor-widget-container\">\n\t\t\t<style>\/*! elementor - v3.23.0 - 15-07-2024 *\/\n.elementor-widget-text-editor.elementor-drop-cap-view-stacked .elementor-drop-cap{background-color:#69727d;color:#fff}.elementor-widget-text-editor.elementor-drop-cap-view-framed .elementor-drop-cap{color:#69727d;border:3px solid;background-color:transparent}.elementor-widget-text-editor:not(.elementor-drop-cap-view-default) .elementor-drop-cap{margin-top:8px}.elementor-widget-text-editor:not(.elementor-drop-cap-view-default) .elementor-drop-cap-letter{width:1em;height:1em}.elementor-widget-text-editor .elementor-drop-cap{float:left;text-align:center;line-height:1;font-size:50px}.elementor-widget-text-editor .elementor-drop-cap-letter{display:inline-block}<\/style>\t\t\t\t<p>Moje drogie spiesz\u0119 do Was z podpowiedzi\u0105 o czym pomy\u015ble\u0107 zanim do mnie przyjedziecie. Aby wyjazd by\u0142 bardziej komfortowy warto pomy\u015ble\u0107 o kilku drobiazgach. <br>Wyje\u017cd\u017cacie na wie\u015b wiec przydadz\u0105 si\u0119:<\/p>\n<ul>\n<li>dobre, nieprzemakalne buty<\/li>\n<li>krem na s\u0142o\u0144ce<\/li>\n<li>co\u015b na kleszcze i komary<\/li>\n<li>parasolka<\/li>\n<li>kapelusz na s\u0142o\u0144ce<\/li>\n<li>wygodne ubranie, kt\u00f3re mo\u017cna ubrudzi\u0107<\/li>\n<li>okulary przeciws\u0142oneczne<\/li>\n<li>kurtka, spodnie i bluza na ch\u0142odniejsze dni<\/li>\n<li>czapka, szalik, r\u0119kawiczki. <\/li>\n<li>kapcie\/klapki<\/li>\n<\/ul>\n<p>To chyb ju\u017c wszystkie drobiazgi, o kt\u00f3rych najcz\u0119\u015bciej zapominamy.<br>Ma\u0142y r\u0119cznik, koc, kawa, herbata, cukier, s\u00f3l, naczynia i sztu\u0107ce, korkoci\u0105g, czajnik i lod\u00f3wka s\u0105 w pokoju. <br>Do zobaczenia wkr\u00f3tce.<\/p>\t\t\t\t\t\t<\/div>\n\t\t\t\t<\/div>\n\t\t\t\t<\/div>\n\t\t\t\t\t<\/div>\n\t\t\t\t<\/div>\n\t\t\t\t<\/div>\n\t\t","protected":false},"excerpt":{"rendered":"<p>Moje drogie spiesz\u0119 do Was z podpowiedzi\u0105 o czym pomy\u015ble\u0107 zanim do mnie przyjedziecie. Aby wyjazd by\u0142 bardziej komfortowy warto pomy\u015ble\u0107 o kilku drobiazgach. Wyje\u017cd\u017cacie na wie\u015b wiec przydadz\u0105 si\u0119: dobre, nieprzemakalne buty krem na s\u0142o\u0144ce co\u015b na kleszcze i komary parasolka kapelusz na s\u0142o\u0144ce wygodne ubranie, kt\u00f3re mo\u017cna ubrudzi\u0107 okulary przeciws\u0142oneczne kurtka, spodnie i [&hellip;]<\/p>\n","protected":false},"author":1,"featured_media":0,"parent":0,"menu_order":0,"comment_status":"closed","ping_status":"closed","template":"","meta":{"footnotes":""},"class_list":["post-1682","page","type-page","status-publish","hentry"],"yoast_head":"<!-- This site is optimized with the Yoast SEO plugin v23.8 - https:\/\/yoast.com\/wordpress\/plugins\/seo\/ -->\n<title>Niezb\u0119dnik - Przysta\u0144 pod lasem<\/title>\n<meta name=\"robots\" content=\"index, follow, max-snippet:-1, max-image-preview:large, max-video-preview:-1\" \/>\n<link rel=\"canonical\" href=\"https:\/\/przystan-pod-lasem.com\/index.php\/niezbednik\/\" \/>\n<meta property=\"og:locale\" content=\"pl_PL\" \/>\n<meta property=\"og:type\" content=\"article\" \/>\n<meta property=\"og:title\" content=\"Niezb\u0119dnik - Przysta\u0144 pod lasem\" \/>\n<meta property=\"og:description\" content=\"Moje drogie spiesz\u0119 do Was z podpowiedzi\u0105 o czym pomy\u015ble\u0107 zanim do mnie przyjedziecie. Aby wyjazd by\u0142 bardziej komfortowy warto pomy\u015ble\u0107 o kilku drobiazgach. Wyje\u017cd\u017cacie na wie\u015b wiec przydadz\u0105 si\u0119: dobre, nieprzemakalne buty krem na s\u0142o\u0144ce co\u015b na kleszcze i komary parasolka kapelusz na s\u0142o\u0144ce wygodne ubranie, kt\u00f3re mo\u017cna ubrudzi\u0107 okulary przeciws\u0142oneczne kurtka, spodnie i [&hellip;]\" \/>\n<meta property=\"og:url\" content=\"https:\/\/przystan-pod-lasem.com\/index.php\/niezbednik\/\" \/>\n<meta property=\"og:site_name\" content=\"Przysta\u0144 pod lasem\" \/>\n<meta property=\"article:publisher\" content=\"https:\/\/www.facebook.com\/profile.php?id=100063678717255\" \/>\n<meta property=\"article:modified_time\" content=\"2024-08-24T11:49:07+00:00\" \/>\n<meta property=\"og:image\" content=\"http:\/\/przystan-pod-lasem.com\/wp-content\/uploads\/2024\/07\/076597fa-7fcf-4fbe-99f7-32d6b7cb47bf-768x1024.jpeg\" \/>\n<meta name=\"twitter:card\" content=\"summary_large_image\" \/>\n<meta name=\"twitter:label1\" content=\"Szacowany czas czytania\" \/>\n\t<meta name=\"twitter:data1\" content=\"1 minuta\" \/>\n<script type=\"application\/ld+json\" class=\"yoast-schema-graph\">{\"@context\":\"https:\/\/schema.org\",\"@graph\":[{\"@type\":\"WebPage\",\"@id\":\"https:\/\/przystan-pod-lasem.com\/index.php\/niezbednik\/\",\"url\":\"https:\/\/przystan-pod-lasem.com\/index.php\/niezbednik\/\",\"name\":\"Niezb\u0119dnik - Przysta\u0144 pod lasem\",\"isPartOf\":{\"@id\":\"https:\/\/przystan-pod-lasem.com\/#website\"},\"primaryImageOfPage\":{\"@id\":\"https:\/\/przystan-pod-lasem.com\/index.php\/niezbednik\/#primaryimage\"},\"image\":{\"@id\":\"https:\/\/przystan-pod-lasem.com\/index.php\/niezbednik\/#primaryimage\"},\"thumbnailUrl\":\"http:\/\/przystan-pod-lasem.com\/wp-content\/uploads\/2024\/07\/076597fa-7fcf-4fbe-99f7-32d6b7cb47bf-768x1024.jpeg\",\"datePublished\":\"2024-07-27T12:07:18+00:00\",\"dateModified\":\"2024-08-24T11:49:07+00:00\",\"breadcrumb\":{\"@id\":\"https:\/\/przystan-pod-lasem.com\/index.php\/niezbednik\/#breadcrumb\"},\"inLanguage\":\"pl-PL\",\"potentialAction\":[{\"@type\":\"ReadAction\",\"target\":[\"https:\/\/przystan-pod-lasem.com\/index.php\/niezbednik\/\"]}]},{\"@type\":\"ImageObject\",\"inLanguage\":\"pl-PL\",\"@id\":\"https:\/\/przystan-pod-lasem.com\/index.php\/niezbednik\/#primaryimage\",\"url\":\"https:\/\/przystan-pod-lasem.com\/wp-content\/uploads\/2024\/07\/076597fa-7fcf-4fbe-99f7-32d6b7cb47bf.jpeg\",\"contentUrl\":\"https:\/\/przystan-pod-lasem.com\/wp-content\/uploads\/2024\/07\/076597fa-7fcf-4fbe-99f7-32d6b7cb47bf.jpeg\",\"width\":1536,\"height\":2048},{\"@type\":\"BreadcrumbList\",\"@id\":\"https:\/\/przystan-pod-lasem.com\/index.php\/niezbednik\/#breadcrumb\",\"itemListElement\":[{\"@type\":\"ListItem\",\"position\":1,\"name\":\"Strona g\u0142\u00f3wna\",\"item\":\"https:\/\/przystan-pod-lasem.com\/\"},{\"@type\":\"ListItem\",\"position\":2,\"name\":\"Niezb\u0119dnik\"}]},{\"@type\":\"WebSite\",\"@id\":\"https:\/\/przystan-pod-lasem.com\/#website\",\"url\":\"https:\/\/przystan-pod-lasem.com\/\",\"name\":\"Przysta\u0144 pod lasem\",\"description\":\"Kreatywna agroturystyka dla kobiet\",\"publisher\":{\"@id\":\"https:\/\/przystan-pod-lasem.com\/#organization\"},\"potentialAction\":[{\"@type\":\"SearchAction\",\"target\":{\"@type\":\"EntryPoint\",\"urlTemplate\":\"https:\/\/przystan-pod-lasem.com\/?s={search_term_string}\"},\"query-input\":{\"@type\":\"PropertyValueSpecification\",\"valueRequired\":true,\"valueName\":\"search_term_string\"}}],\"inLanguage\":\"pl-PL\"},{\"@type\":\"Organization\",\"@id\":\"https:\/\/przystan-pod-lasem.com\/#organization\",\"name\":\"Przysta\u0144 pod lasem\",\"url\":\"https:\/\/przystan-pod-lasem.com\/\",\"logo\":{\"@type\":\"ImageObject\",\"inLanguage\":\"pl-PL\",\"@id\":\"https:\/\/przystan-pod-lasem.com\/#\/schema\/logo\/image\/\",\"url\":\"https:\/\/przystan-pod-lasem.com\/wp-content\/uploads\/2024\/07\/Projekt-bez-nazwy-5.jpg\",\"contentUrl\":\"https:\/\/przystan-pod-lasem.com\/wp-content\/uploads\/2024\/07\/Projekt-bez-nazwy-5.jpg\",\"width\":512,\"height\":512,\"caption\":\"Przysta\u0144 pod lasem\"},\"image\":{\"@id\":\"https:\/\/przystan-pod-lasem.com\/#\/schema\/logo\/image\/\"},\"sameAs\":[\"https:\/\/www.facebook.com\/profile.php?id=100063678717255\",\"https:\/\/www.instagram.com\/przystan_pod_lasem\/\"]}]}<\/script>\n<!-- \/ Yoast SEO plugin. -->","yoast_head_json":{"title":"Niezb\u0119dnik - Przysta\u0144 pod lasem","robots":{"index":"index","follow":"follow","max-snippet":"max-snippet:-1","max-image-preview":"max-image-preview:large","max-video-preview":"max-video-preview:-1"},"canonical":"https:\/\/przystan-pod-lasem.com\/index.php\/niezbednik\/","og_locale":"pl_PL","og_type":"article","og_title":"Niezb\u0119dnik - Przysta\u0144 pod lasem","og_description":"Moje drogie spiesz\u0119 do Was z podpowiedzi\u0105 o czym pomy\u015ble\u0107 zanim do mnie przyjedziecie. Aby wyjazd by\u0142 bardziej komfortowy warto pomy\u015ble\u0107 o kilku drobiazgach. Wyje\u017cd\u017cacie na wie\u015b wiec przydadz\u0105 si\u0119: dobre, nieprzemakalne buty krem na s\u0142o\u0144ce co\u015b na kleszcze i komary parasolka kapelusz na s\u0142o\u0144ce wygodne ubranie, kt\u00f3re mo\u017cna ubrudzi\u0107 okulary przeciws\u0142oneczne kurtka, spodnie i [&hellip;]","og_url":"https:\/\/przystan-pod-lasem.com\/index.php\/niezbednik\/","og_site_name":"Przysta\u0144 pod lasem","article_publisher":"https:\/\/www.facebook.com\/profile.php?id=100063678717255","article_modified_time":"2024-08-24T11:49:07+00:00","og_image":[{"url":"http:\/\/przystan-pod-lasem.com\/wp-content\/uploads\/2024\/07\/076597fa-7fcf-4fbe-99f7-32d6b7cb47bf-768x1024.jpeg"}],"twitter_card":"summary_large_image","twitter_misc":{"Szacowany czas czytania":"1 minuta"},"schema":{"@context":"https:\/\/schema.org","@graph":[{"@type":"WebPage","@id":"https:\/\/przystan-pod-lasem.com\/index.php\/niezbednik\/","url":"https:\/\/przystan-pod-lasem.com\/index.php\/niezbednik\/","name":"Niezb\u0119dnik - Przysta\u0144 pod lasem","isPartOf":{"@id":"https:\/\/przystan-pod-lasem.com\/#website"},"primaryImageOfPage":{"@id":"https:\/\/przystan-pod-lasem.com\/index.php\/niezbednik\/#primaryimage"},"image":{"@id":"https:\/\/przystan-pod-lasem.com\/index.php\/niezbednik\/#primaryimage"},"thumbnailUrl":"http:\/\/przystan-pod-lasem.com\/wp-content\/uploads\/2024\/07\/076597fa-7fcf-4fbe-99f7-32d6b7cb47bf-768x1024.jpeg","datePublished":"2024-07-27T12:07:18+00:00","dateModified":"2024-08-24T11:49:07+00:00","breadcrumb":{"@id":"https:\/\/przystan-pod-lasem.com\/index.php\/niezbednik\/#breadcrumb"},"inLanguage":"pl-PL","potentialAction":[{"@type":"ReadAction","target":["https:\/\/przystan-pod-lasem.com\/index.php\/niezbednik\/"]}]},{"@type":"ImageObject","inLanguage":"pl-PL","@id":"https:\/\/przystan-pod-lasem.com\/index.php\/niezbednik\/#primaryimage","url":"https:\/\/przystan-pod-lasem.com\/wp-content\/uploads\/2024\/07\/076597fa-7fcf-4fbe-99f7-32d6b7cb47bf.jpeg","contentUrl":"https:\/\/przystan-pod-lasem.com\/wp-content\/uploads\/2024\/07\/076597fa-7fcf-4fbe-99f7-32d6b7cb47bf.jpeg","width":1536,"height":2048},{"@type":"BreadcrumbList","@id":"https:\/\/przystan-pod-lasem.com\/index.php\/niezbednik\/#breadcrumb","itemListElement":[{"@type":"ListItem","position":1,"name":"Strona g\u0142\u00f3wna","item":"https:\/\/przystan-pod-lasem.com\/"},{"@type":"ListItem","position":2,"name":"Niezb\u0119dnik"}]},{"@type":"WebSite","@id":"https:\/\/przystan-pod-lasem.com\/#website","url":"https:\/\/przystan-pod-lasem.com\/","name":"Przysta\u0144 pod lasem","description":"Kreatywna agroturystyka dla kobiet","publisher":{"@id":"https:\/\/przystan-pod-lasem.com\/#organization"},"potentialAction":[{"@type":"SearchAction","target":{"@type":"EntryPoint","urlTemplate":"https:\/\/przystan-pod-lasem.com\/?s={search_term_string}"},"query-input":{"@type":"PropertyValueSpecification","valueRequired":true,"valueName":"search_term_string"}}],"inLanguage":"pl-PL"},{"@type":"Organization","@id":"https:\/\/przystan-pod-lasem.com\/#organization","name":"Przysta\u0144 pod lasem","url":"https:\/\/przystan-pod-lasem.com\/","logo":{"@type":"ImageObject","inLanguage":"pl-PL","@id":"https:\/\/przystan-pod-lasem.com\/#\/schema\/logo\/image\/","url":"https:\/\/przystan-pod-lasem.com\/wp-content\/uploads\/2024\/07\/Projekt-bez-nazwy-5.jpg","contentUrl":"https:\/\/przystan-pod-lasem.com\/wp-content\/uploads\/2024\/07\/Projekt-bez-nazwy-5.jpg","width":512,"height":512,"caption":"Przysta\u0144 pod lasem"},"image":{"@id":"https:\/\/przystan-pod-lasem.com\/#\/schema\/logo\/image\/"},"sameAs":["https:\/\/www.facebook.com\/profile.php?id=100063678717255","https:\/\/www.instagram.com\/przystan_pod_lasem\/"]}]}},"_links":{"self":[{"href":"https:\/\/przystan-pod-lasem.com\/index.php\/wp-json\/wp\/v2\/pages\/1682","targetHints":{"allow":["GET"]}}],"collection":[{"href":"https:\/\/przystan-pod-lasem.com\/index.php\/wp-json\/wp\/v2\/pages"}],"about":[{"href":"https:\/\/przystan-pod-lasem.com\/index.php\/wp-json\/wp\/v2\/types\/page"}],"author":[{"embeddable":true,"href":"https:\/\/przystan-pod-lasem.com\/index.php\/wp-json\/wp\/v2\/users\/1"}],"replies":[{"embeddable":true,"href":"https:\/\/przystan-pod-lasem.com\/index.php\/wp-json\/wp\/v2\/comments?post=1682"}],"version-history":[{"count":13,"href":"https:\/\/przystan-pod-lasem.com\/index.php\/wp-json\/wp\/v2\/pages\/1682\/revisions"}],"predecessor-version":[{"id":1785,"href":"https:\/\/przystan-pod-lasem.com\/index.php\/wp-json\/wp\/v2\/pages\/1682\/revisions\/1785"}],"wp:attachment":[{"href":"https:\/\/przystan-pod-lasem.com\/index.php\/wp-json\/wp\/v2\/media?parent=1682"}],"curies":[{"name":"wp","href":"https:\/\/api.w.org\/{rel}","templated":true}]}}