{"id":1091,"date":"2024-07-16T19:43:06","date_gmt":"2024-07-16T19:43:06","guid":{"rendered":"https:\/\/przystan-pod-lasem.com\/index.php\/about\/"},"modified":"2024-07-27T12:04:36","modified_gmt":"2024-07-27T12:04:36","slug":"historia","status":"publish","type":"page","link":"https:\/\/przystan-pod-lasem.com\/index.php\/historia\/","title":{"rendered":"Poznaj gospodarza"},"content":{"rendered":"\t\t<div data-elementor-type=\"wp-page\" data-elementor-id=\"1091\" class=\"elementor elementor-1091\" data-elementor-post-type=\"page\">\n\t\t\t\t\t\t<section class=\"elementor-section elementor-top-section elementor-element elementor-element-72e8f51d elementor-section-boxed elementor-section-height-default elementor-section-height-default\" data-id=\"72e8f51d\" data-element_type=\"section\">\n\t\t\t\t\t\t<div class=\"elementor-container elementor-column-gap-default\">\n\t\t\t\t\t<div class=\"elementor-column elementor-col-50 elementor-top-column elementor-element elementor-element-2c7af745\" data-id=\"2c7af745\" data-element_type=\"column\">\n\t\t\t<div class=\"elementor-widget-wrap elementor-element-populated\">\n\t\t\t\t\t\t<div class=\"elementor-element elementor-element-dcfd523 elementor-widget elementor-widget-image\" data-id=\"dcfd523\" data-element_type=\"widget\" data-widget_type=\"image.default\">\n\t\t\t\t<div class=\"elementor-widget-container\">\n\t\t\t<style>\/*! elementor - v3.23.0 - 15-07-2024 *\/\n.elementor-widget-image{text-align:center}.elementor-widget-image a{display:inline-block}.elementor-widget-image a img[src$=\".svg\"]{width:48px}.elementor-widget-image img{vertical-align:middle;display:inline-block}<\/style>\t\t\t\t\t\t\t\t\t\t<img fetchpriority=\"high\" decoding=\"async\" width=\"768\" height=\"975\" src=\"https:\/\/przystan-pod-lasem.com\/wp-content\/uploads\/2024\/07\/e80bce87-63e2-43d6-9063-7a2127f9de0e-768x975.jpeg\" class=\"attachment-medium_large size-medium_large wp-image-1657\" alt=\"\" srcset=\"https:\/\/przystan-pod-lasem.com\/wp-content\/uploads\/2024\/07\/e80bce87-63e2-43d6-9063-7a2127f9de0e-768x975.jpeg 768w, https:\/\/przystan-pod-lasem.com\/wp-content\/uploads\/2024\/07\/e80bce87-63e2-43d6-9063-7a2127f9de0e-236x300.jpeg 236w, https:\/\/przystan-pod-lasem.com\/wp-content\/uploads\/2024\/07\/e80bce87-63e2-43d6-9063-7a2127f9de0e-807x1024.jpeg 807w, https:\/\/przystan-pod-lasem.com\/wp-content\/uploads\/2024\/07\/e80bce87-63e2-43d6-9063-7a2127f9de0e-1210x1536.jpeg 1210w, https:\/\/przystan-pod-lasem.com\/wp-content\/uploads\/2024\/07\/e80bce87-63e2-43d6-9063-7a2127f9de0e.jpeg 1260w\" sizes=\"(max-width: 768px) 100vw, 768px\" \/>\t\t\t\t\t\t\t\t\t\t\t\t\t<\/div>\n\t\t\t\t<\/div>\n\t\t\t\t<div class=\"elementor-element elementor-element-dbe3e83 elementor-widget elementor-widget-image\" data-id=\"dbe3e83\" data-element_type=\"widget\" data-widget_type=\"image.default\">\n\t\t\t\t<div class=\"elementor-widget-container\">\n\t\t\t\t\t\t\t\t\t\t\t\t\t<img decoding=\"async\" width=\"768\" height=\"576\" src=\"https:\/\/przystan-pod-lasem.com\/wp-content\/uploads\/2024\/07\/WhatsApp-Image-2024-06-22-at-19.33.17-768x576.jpeg\" class=\"attachment-medium_large size-medium_large wp-image-1221\" alt=\"\" srcset=\"https:\/\/przystan-pod-lasem.com\/wp-content\/uploads\/2024\/07\/WhatsApp-Image-2024-06-22-at-19.33.17-768x576.jpeg 768w, https:\/\/przystan-pod-lasem.com\/wp-content\/uploads\/2024\/07\/WhatsApp-Image-2024-06-22-at-19.33.17-300x225.jpeg 300w, https:\/\/przystan-pod-lasem.com\/wp-content\/uploads\/2024\/07\/WhatsApp-Image-2024-06-22-at-19.33.17-1024x768.jpeg 1024w, https:\/\/przystan-pod-lasem.com\/wp-content\/uploads\/2024\/07\/WhatsApp-Image-2024-06-22-at-19.33.17-1536x1152.jpeg 1536w, https:\/\/przystan-pod-lasem.com\/wp-content\/uploads\/2024\/07\/WhatsApp-Image-2024-06-22-at-19.33.17.jpeg 1600w\" sizes=\"(max-width: 768px) 100vw, 768px\" \/>\t\t\t\t\t\t\t\t\t\t\t\t\t<\/div>\n\t\t\t\t<\/div>\n\t\t\t\t\t<\/div>\n\t\t<\/div>\n\t\t\t\t<div class=\"elementor-column elementor-col-50 elementor-top-column elementor-element elementor-element-7c098b3e\" data-id=\"7c098b3e\" data-element_type=\"column\">\n\t\t\t<div class=\"elementor-widget-wrap elementor-element-populated\">\n\t\t\t\t\t\t<div class=\"elementor-element elementor-element-4edc2a2 elementor-widget elementor-widget-heading\" data-id=\"4edc2a2\" data-element_type=\"widget\" data-widget_type=\"heading.default\">\n\t\t\t\t<div class=\"elementor-widget-container\">\n\t\t\t<style>\/*! elementor - v3.23.0 - 15-07-2024 *\/\n.elementor-heading-title{padding:0;margin:0;line-height:1}.elementor-widget-heading .elementor-heading-title[class*=elementor-size-]>a{color:inherit;font-size:inherit;line-height:inherit}.elementor-widget-heading .elementor-heading-title.elementor-size-small{font-size:15px}.elementor-widget-heading .elementor-heading-title.elementor-size-medium{font-size:19px}.elementor-widget-heading .elementor-heading-title.elementor-size-large{font-size:29px}.elementor-widget-heading .elementor-heading-title.elementor-size-xl{font-size:39px}.elementor-widget-heading .elementor-heading-title.elementor-size-xxl{font-size:59px}<\/style><h2 class=\"elementor-heading-title elementor-size-default\">Opowiem Ci kr\u00f3tk\u0105 histori\u0119 o marzeniach.<\/h2>\t\t<\/div>\n\t\t\t\t<\/div>\n\t\t\t\t<div class=\"elementor-element elementor-element-185a2461 elementor-widget elementor-widget-text-editor\" data-id=\"185a2461\" data-element_type=\"widget\" data-widget_type=\"text-editor.default\">\n\t\t\t\t<div class=\"elementor-widget-container\">\n\t\t\t<style>\/*! elementor - v3.23.0 - 15-07-2024 *\/\n.elementor-widget-text-editor.elementor-drop-cap-view-stacked .elementor-drop-cap{background-color:#69727d;color:#fff}.elementor-widget-text-editor.elementor-drop-cap-view-framed .elementor-drop-cap{color:#69727d;border:3px solid;background-color:transparent}.elementor-widget-text-editor:not(.elementor-drop-cap-view-default) .elementor-drop-cap{margin-top:8px}.elementor-widget-text-editor:not(.elementor-drop-cap-view-default) .elementor-drop-cap-letter{width:1em;height:1em}.elementor-widget-text-editor .elementor-drop-cap{float:left;text-align:center;line-height:1;font-size:50px}.elementor-widget-text-editor .elementor-drop-cap-letter{display:inline-block}<\/style>\t\t\t\t<p>Pewna pomys\u0142owa dziewczyna bardzo lubi\u0142a ludzi. Kocha\u0142a sp\u0119dza\u0107 z nimi czas, rozmawia\u0107 i s\u0142ucha\u0107 co maj\u0105 do powiedzenia, robi\u0107 dla nich mi\u0142e rzeczy i niespodzianki. Wiele podr\u00f3\u017cowa\u0142a, widzia\u0142a mn\u00f3stwo pi\u0119knych i ciekawych miejsc. W ko\u0144cu zapragn\u0119\u0142a stworzy\u0107 takie miejsce u siebie. Tak powsta\u0142a Przysta\u0144 pod lasem, do kt\u00f3rej chcia\u0142am Ci\u0119 teraz zaprosi\u0107.<br \/>Odpocznij. Zanurz si\u0119 w spokoju Puszczy Kampinoskiej. Zasi\u0105d\u017a z nami w kobiecym kr\u0119gu, \u017ceby tworzy\u0107, integrowa\u0107 si\u0119 i odkrywa\u0107 swoje pasje.<br \/>Zaopiekuj\u0119 si\u0119 Tob\u0105 i ugoszcz\u0119 Ci\u0119 po kr\u00f3lewsku. Pocz\u0119stuj\u0119 pysznym jedzeniem, przygotowanym ze \u015bwie\u017cych i lokalnych produkt\u00f3w. Zabior\u0119 na spacer do Puszczy, poka\u017c\u0119 okoliczne \u0142\u0105ki i wydmy.<br \/>Czeka na Ciebie rodzinna atmosfera i wysoki standard. Mam dwuosobowe pokoje z \u0142azienkami i aneksem kuchennym. A w pokojach wygodne \u0142\u00f3\u017cka i przyjemn\u0105, p\u0142\u00f3cienn\u0105 po\u015bciel.<br \/>Wielu naszym go\u015bciom szkoda czasu na sen. Jak tu spa\u0107, gdy tu\u017c za p\u0142otem wchodzisz w prawdziwie dzik\u0105 przyrod\u0119. Wiosenne krzyki \u017curawi, letnia obfito\u015b\u0107 puszczy czy tajemnicze mg\u0142y \u2013 to nasza codzienno\u015b\u0107. Mo\u017cesz zbiera\u0107 zio\u0142a, spacerowa\u0107 w\u015br\u00f3d krzew\u00f3w dzikiej r\u00f3\u017cy, ogl\u0105da\u0107 ptaki lub \u017ceremia bobr\u00f3w. Natura ma tutaj wiele do pokazania.<br \/>W ogromnej stodole spokojnie odpoczywaj\u0105 historyczne skarby, przedmioty nale\u017c\u0105ce do dawnych mieszka\u0144c\u00f3w tych teren\u00f3w. Panuj\u0105ca tam, prawie bajkowa atmosfera sprzyja pracy tw\u00f3rczej. Zapach pszczelego wosku, kolorowe motyle i kwiaty, magia \u015bwiat\u0142a to rzeczy, kt\u00f3rych do\u015bwiadczysz na warsztatach plenerowych z batiku, decoupage czy parafiny.<br \/>Tylko godzin\u0119 drogi od Warszawy, P\u0142ocka czy \u0141odzi czeka na Ciebie ziele\u0144 puszczy, \u015bpiew ptak\u00f3w i ciep\u0142o ogniska. Spok\u00f3j, komfort i relaks.<br \/>Zapraszam Ci\u0119 do miejsca, kt\u00f3re stworzy\u0142am z my\u015bl\u0105 o Tobie, do Przystani pod lasem.<br \/>Ania Rutkowska<\/p>\t\t\t\t\t\t<\/div>\n\t\t\t\t<\/div>\n\t\t\t\t\t<\/div>\n\t\t<\/div>\n\t\t\t\t\t<\/div>\n\t\t<\/section>\n\t\t\t\t<\/div>\n\t\t","protected":false},"excerpt":{"rendered":"<p>Opowiem Ci kr\u00f3tk\u0105 histori\u0119 o marzeniach. Pewna pomys\u0142owa dziewczyna bardzo lubi\u0142a ludzi. Kocha\u0142a sp\u0119dza\u0107 z nimi czas, rozmawia\u0107 i s\u0142ucha\u0107 co maj\u0105 do powiedzenia, robi\u0107 dla nich mi\u0142e rzeczy i niespodzianki. Wiele podr\u00f3\u017cowa\u0142a, widzia\u0142a mn\u00f3stwo pi\u0119knych i ciekawych miejsc. W ko\u0144cu zapragn\u0119\u0142a stworzy\u0107 takie miejsce u siebie. Tak powsta\u0142a Przysta\u0144 pod lasem, do kt\u00f3rej chcia\u0142am [&hellip;]<\/p>\n","protected":false},"author":1,"featured_media":0,"parent":0,"menu_order":0,"comment_status":"closed","ping_status":"closed","template":"elementor_header_footer","meta":{"footnotes":""},"class_list":["post-1091","page","type-page","status-publish","hentry"],"yoast_head":"<!-- This site is optimized with the Yoast SEO plugin v23.8 - https:\/\/yoast.com\/wordpress\/plugins\/seo\/ -->\n<title>Poznaj gospodarza - Przysta\u0144 pod lasem<\/title>\n<meta name=\"robots\" content=\"index, follow, max-snippet:-1, max-image-preview:large, max-video-preview:-1\" \/>\n<link rel=\"canonical\" href=\"https:\/\/przystan-pod-lasem.com\/index.php\/historia\/\" \/>\n<meta property=\"og:locale\" content=\"pl_PL\" \/>\n<meta property=\"og:type\" content=\"article\" \/>\n<meta property=\"og:title\" content=\"Poznaj gospodarza - Przysta\u0144 pod lasem\" \/>\n<meta property=\"og:description\" content=\"Opowiem Ci kr\u00f3tk\u0105 histori\u0119 o marzeniach. Pewna pomys\u0142owa dziewczyna bardzo lubi\u0142a ludzi. Kocha\u0142a sp\u0119dza\u0107 z nimi czas, rozmawia\u0107 i s\u0142ucha\u0107 co maj\u0105 do powiedzenia, robi\u0107 dla nich mi\u0142e rzeczy i niespodzianki. Wiele podr\u00f3\u017cowa\u0142a, widzia\u0142a mn\u00f3stwo pi\u0119knych i ciekawych miejsc. W ko\u0144cu zapragn\u0119\u0142a stworzy\u0107 takie miejsce u siebie. Tak powsta\u0142a Przysta\u0144 pod lasem, do kt\u00f3rej chcia\u0142am [&hellip;]\" \/>\n<meta property=\"og:url\" content=\"https:\/\/przystan-pod-lasem.com\/index.php\/historia\/\" \/>\n<meta property=\"og:site_name\" content=\"Przysta\u0144 pod lasem\" \/>\n<meta property=\"article:publisher\" content=\"https:\/\/www.facebook.com\/profile.php?id=100063678717255\" \/>\n<meta property=\"article:modified_time\" content=\"2024-07-27T12:04:36+00:00\" \/>\n<meta property=\"og:image\" content=\"http:\/\/przystan-pod-lasem.com\/wp-content\/uploads\/2024\/07\/e80bce87-63e2-43d6-9063-7a2127f9de0e-768x975.jpeg\" \/>\n<meta name=\"twitter:card\" content=\"summary_large_image\" \/>\n<meta name=\"twitter:label1\" content=\"Szacowany czas czytania\" \/>\n\t<meta name=\"twitter:data1\" content=\"2 minuty\" \/>\n<script type=\"application\/ld+json\" class=\"yoast-schema-graph\">{\"@context\":\"https:\/\/schema.org\",\"@graph\":[{\"@type\":\"WebPage\",\"@id\":\"https:\/\/przystan-pod-lasem.com\/index.php\/historia\/\",\"url\":\"https:\/\/przystan-pod-lasem.com\/index.php\/historia\/\",\"name\":\"Poznaj gospodarza - Przysta\u0144 pod lasem\",\"isPartOf\":{\"@id\":\"https:\/\/przystan-pod-lasem.com\/#website\"},\"primaryImageOfPage\":{\"@id\":\"https:\/\/przystan-pod-lasem.com\/index.php\/historia\/#primaryimage\"},\"image\":{\"@id\":\"https:\/\/przystan-pod-lasem.com\/index.php\/historia\/#primaryimage\"},\"thumbnailUrl\":\"http:\/\/przystan-pod-lasem.com\/wp-content\/uploads\/2024\/07\/e80bce87-63e2-43d6-9063-7a2127f9de0e-768x975.jpeg\",\"datePublished\":\"2024-07-16T19:43:06+00:00\",\"dateModified\":\"2024-07-27T12:04:36+00:00\",\"breadcrumb\":{\"@id\":\"https:\/\/przystan-pod-lasem.com\/index.php\/historia\/#breadcrumb\"},\"inLanguage\":\"pl-PL\",\"potentialAction\":[{\"@type\":\"ReadAction\",\"target\":[\"https:\/\/przystan-pod-lasem.com\/index.php\/historia\/\"]}]},{\"@type\":\"ImageObject\",\"inLanguage\":\"pl-PL\",\"@id\":\"https:\/\/przystan-pod-lasem.com\/index.php\/historia\/#primaryimage\",\"url\":\"https:\/\/przystan-pod-lasem.com\/wp-content\/uploads\/2024\/07\/e80bce87-63e2-43d6-9063-7a2127f9de0e.jpeg\",\"contentUrl\":\"https:\/\/przystan-pod-lasem.com\/wp-content\/uploads\/2024\/07\/e80bce87-63e2-43d6-9063-7a2127f9de0e.jpeg\",\"width\":1260,\"height\":1599},{\"@type\":\"BreadcrumbList\",\"@id\":\"https:\/\/przystan-pod-lasem.com\/index.php\/historia\/#breadcrumb\",\"itemListElement\":[{\"@type\":\"ListItem\",\"position\":1,\"name\":\"Strona g\u0142\u00f3wna\",\"item\":\"https:\/\/przystan-pod-lasem.com\/\"},{\"@type\":\"ListItem\",\"position\":2,\"name\":\"Poznaj gospodarza\"}]},{\"@type\":\"WebSite\",\"@id\":\"https:\/\/przystan-pod-lasem.com\/#website\",\"url\":\"https:\/\/przystan-pod-lasem.com\/\",\"name\":\"Przysta\u0144 pod lasem\",\"description\":\"Kreatywna agroturystyka dla kobiet\",\"publisher\":{\"@id\":\"https:\/\/przystan-pod-lasem.com\/#organization\"},\"potentialAction\":[{\"@type\":\"SearchAction\",\"target\":{\"@type\":\"EntryPoint\",\"urlTemplate\":\"https:\/\/przystan-pod-lasem.com\/?s={search_term_string}\"},\"query-input\":{\"@type\":\"PropertyValueSpecification\",\"valueRequired\":true,\"valueName\":\"search_term_string\"}}],\"inLanguage\":\"pl-PL\"},{\"@type\":\"Organization\",\"@id\":\"https:\/\/przystan-pod-lasem.com\/#organization\",\"name\":\"Przysta\u0144 pod lasem\",\"url\":\"https:\/\/przystan-pod-lasem.com\/\",\"logo\":{\"@type\":\"ImageObject\",\"inLanguage\":\"pl-PL\",\"@id\":\"https:\/\/przystan-pod-lasem.com\/#\/schema\/logo\/image\/\",\"url\":\"https:\/\/przystan-pod-lasem.com\/wp-content\/uploads\/2024\/07\/Projekt-bez-nazwy-5.jpg\",\"contentUrl\":\"https:\/\/przystan-pod-lasem.com\/wp-content\/uploads\/2024\/07\/Projekt-bez-nazwy-5.jpg\",\"width\":512,\"height\":512,\"caption\":\"Przysta\u0144 pod lasem\"},\"image\":{\"@id\":\"https:\/\/przystan-pod-lasem.com\/#\/schema\/logo\/image\/\"},\"sameAs\":[\"https:\/\/www.facebook.com\/profile.php?id=100063678717255\",\"https:\/\/www.instagram.com\/przystan_pod_lasem\/\"]}]}<\/script>\n<!-- \/ Yoast SEO plugin. -->","yoast_head_json":{"title":"Poznaj gospodarza - Przysta\u0144 pod lasem","robots":{"index":"index","follow":"follow","max-snippet":"max-snippet:-1","max-image-preview":"max-image-preview:large","max-video-preview":"max-video-preview:-1"},"canonical":"https:\/\/przystan-pod-lasem.com\/index.php\/historia\/","og_locale":"pl_PL","og_type":"article","og_title":"Poznaj gospodarza - Przysta\u0144 pod lasem","og_description":"Opowiem Ci kr\u00f3tk\u0105 histori\u0119 o marzeniach. Pewna pomys\u0142owa dziewczyna bardzo lubi\u0142a ludzi. Kocha\u0142a sp\u0119dza\u0107 z nimi czas, rozmawia\u0107 i s\u0142ucha\u0107 co maj\u0105 do powiedzenia, robi\u0107 dla nich mi\u0142e rzeczy i niespodzianki. Wiele podr\u00f3\u017cowa\u0142a, widzia\u0142a mn\u00f3stwo pi\u0119knych i ciekawych miejsc. W ko\u0144cu zapragn\u0119\u0142a stworzy\u0107 takie miejsce u siebie. Tak powsta\u0142a Przysta\u0144 pod lasem, do kt\u00f3rej chcia\u0142am [&hellip;]","og_url":"https:\/\/przystan-pod-lasem.com\/index.php\/historia\/","og_site_name":"Przysta\u0144 pod lasem","article_publisher":"https:\/\/www.facebook.com\/profile.php?id=100063678717255","article_modified_time":"2024-07-27T12:04:36+00:00","og_image":[{"url":"http:\/\/przystan-pod-lasem.com\/wp-content\/uploads\/2024\/07\/e80bce87-63e2-43d6-9063-7a2127f9de0e-768x975.jpeg"}],"twitter_card":"summary_large_image","twitter_misc":{"Szacowany czas czytania":"2 minuty"},"schema":{"@context":"https:\/\/schema.org","@graph":[{"@type":"WebPage","@id":"https:\/\/przystan-pod-lasem.com\/index.php\/historia\/","url":"https:\/\/przystan-pod-lasem.com\/index.php\/historia\/","name":"Poznaj gospodarza - Przysta\u0144 pod lasem","isPartOf":{"@id":"https:\/\/przystan-pod-lasem.com\/#website"},"primaryImageOfPage":{"@id":"https:\/\/przystan-pod-lasem.com\/index.php\/historia\/#primaryimage"},"image":{"@id":"https:\/\/przystan-pod-lasem.com\/index.php\/historia\/#primaryimage"},"thumbnailUrl":"http:\/\/przystan-pod-lasem.com\/wp-content\/uploads\/2024\/07\/e80bce87-63e2-43d6-9063-7a2127f9de0e-768x975.jpeg","datePublished":"2024-07-16T19:43:06+00:00","dateModified":"2024-07-27T12:04:36+00:00","breadcrumb":{"@id":"https:\/\/przystan-pod-lasem.com\/index.php\/historia\/#breadcrumb"},"inLanguage":"pl-PL","potentialAction":[{"@type":"ReadAction","target":["https:\/\/przystan-pod-lasem.com\/index.php\/historia\/"]}]},{"@type":"ImageObject","inLanguage":"pl-PL","@id":"https:\/\/przystan-pod-lasem.com\/index.php\/historia\/#primaryimage","url":"https:\/\/przystan-pod-lasem.com\/wp-content\/uploads\/2024\/07\/e80bce87-63e2-43d6-9063-7a2127f9de0e.jpeg","contentUrl":"https:\/\/przystan-pod-lasem.com\/wp-content\/uploads\/2024\/07\/e80bce87-63e2-43d6-9063-7a2127f9de0e.jpeg","width":1260,"height":1599},{"@type":"BreadcrumbList","@id":"https:\/\/przystan-pod-lasem.com\/index.php\/historia\/#breadcrumb","itemListElement":[{"@type":"ListItem","position":1,"name":"Strona g\u0142\u00f3wna","item":"https:\/\/przystan-pod-lasem.com\/"},{"@type":"ListItem","position":2,"name":"Poznaj gospodarza"}]},{"@type":"WebSite","@id":"https:\/\/przystan-pod-lasem.com\/#website","url":"https:\/\/przystan-pod-lasem.com\/","name":"Przysta\u0144 pod lasem","description":"Kreatywna agroturystyka dla kobiet","publisher":{"@id":"https:\/\/przystan-pod-lasem.com\/#organization"},"potentialAction":[{"@type":"SearchAction","target":{"@type":"EntryPoint","urlTemplate":"https:\/\/przystan-pod-lasem.com\/?s={search_term_string}"},"query-input":{"@type":"PropertyValueSpecification","valueRequired":true,"valueName":"search_term_string"}}],"inLanguage":"pl-PL"},{"@type":"Organization","@id":"https:\/\/przystan-pod-lasem.com\/#organization","name":"Przysta\u0144 pod lasem","url":"https:\/\/przystan-pod-lasem.com\/","logo":{"@type":"ImageObject","inLanguage":"pl-PL","@id":"https:\/\/przystan-pod-lasem.com\/#\/schema\/logo\/image\/","url":"https:\/\/przystan-pod-lasem.com\/wp-content\/uploads\/2024\/07\/Projekt-bez-nazwy-5.jpg","contentUrl":"https:\/\/przystan-pod-lasem.com\/wp-content\/uploads\/2024\/07\/Projekt-bez-nazwy-5.jpg","width":512,"height":512,"caption":"Przysta\u0144 pod lasem"},"image":{"@id":"https:\/\/przystan-pod-lasem.com\/#\/schema\/logo\/image\/"},"sameAs":["https:\/\/www.facebook.com\/profile.php?id=100063678717255","https:\/\/www.instagram.com\/przystan_pod_lasem\/"]}]}},"_links":{"self":[{"href":"https:\/\/przystan-pod-lasem.com\/index.php\/wp-json\/wp\/v2\/pages\/1091","targetHints":{"allow":["GET"]}}],"collection":[{"href":"https:\/\/przystan-pod-lasem.com\/index.php\/wp-json\/wp\/v2\/pages"}],"about":[{"href":"https:\/\/przystan-pod-lasem.com\/index.php\/wp-json\/wp\/v2\/types\/page"}],"author":[{"embeddable":true,"href":"https:\/\/przystan-pod-lasem.com\/index.php\/wp-json\/wp\/v2\/users\/1"}],"replies":[{"embeddable":true,"href":"https:\/\/przystan-pod-lasem.com\/index.php\/wp-json\/wp\/v2\/comments?post=1091"}],"version-history":[{"count":44,"href":"https:\/\/przystan-pod-lasem.com\/index.php\/wp-json\/wp\/v2\/pages\/1091\/revisions"}],"predecessor-version":[{"id":1680,"href":"https:\/\/przystan-pod-lasem.com\/index.php\/wp-json\/wp\/v2\/pages\/1091\/revisions\/1680"}],"wp:attachment":[{"href":"https:\/\/przystan-pod-lasem.com\/index.php\/wp-json\/wp\/v2\/media?parent=1091"}],"curies":[{"name":"wp","href":"https:\/\/api.w.org\/{rel}","templated":true}]}}