{"id":1044,"date":"2024-07-16T19:42:44","date_gmt":"2024-07-16T19:42:44","guid":{"rendered":"https:\/\/przystan-pod-lasem.com\/index.php\/faq\/"},"modified":"2024-09-23T17:22:50","modified_gmt":"2024-09-23T17:22:50","slug":"cennik","status":"publish","type":"page","link":"https:\/\/przystan-pod-lasem.com\/index.php\/cennik\/","title":{"rendered":"Cennik"},"content":{"rendered":"\t\t<div data-elementor-type=\"wp-page\" data-elementor-id=\"1044\" class=\"elementor elementor-1044\" data-elementor-post-type=\"page\">\n\t\t\t\t\t\t<section class=\"elementor-section elementor-top-section elementor-element elementor-element-6d3ed16e elementor-section-boxed elementor-section-height-default elementor-section-height-default\" data-id=\"6d3ed16e\" data-element_type=\"section\">\n\t\t\t\t\t\t<div class=\"elementor-container elementor-column-gap-default\">\n\t\t\t\t\t<div class=\"elementor-column elementor-col-100 elementor-top-column elementor-element elementor-element-4999ab52\" data-id=\"4999ab52\" data-element_type=\"column\">\n\t\t\t<div class=\"elementor-widget-wrap elementor-element-populated\">\n\t\t\t\t\t\t<div class=\"elementor-element elementor-element-1935d352 elementor-widget elementor-widget-heading\" data-id=\"1935d352\" data-element_type=\"widget\" data-widget_type=\"heading.default\">\n\t\t\t\t<div class=\"elementor-widget-container\">\n\t\t\t<style>\/*! elementor - v3.23.0 - 15-07-2024 *\/\n.elementor-heading-title{padding:0;margin:0;line-height:1}.elementor-widget-heading .elementor-heading-title[class*=elementor-size-]>a{color:inherit;font-size:inherit;line-height:inherit}.elementor-widget-heading .elementor-heading-title.elementor-size-small{font-size:15px}.elementor-widget-heading .elementor-heading-title.elementor-size-medium{font-size:19px}.elementor-widget-heading .elementor-heading-title.elementor-size-large{font-size:29px}.elementor-widget-heading .elementor-heading-title.elementor-size-xl{font-size:39px}.elementor-widget-heading .elementor-heading-title.elementor-size-xxl{font-size:59px}<\/style><h2 class=\"elementor-heading-title elementor-size-default\">Cennik przysta\u0144 pod lasem<\/h2>\t\t<\/div>\n\t\t\t\t<\/div>\n\t\t\t\t<div class=\"elementor-element elementor-element-9fc859a elementor-widget__width-initial elementor-widget-tablet__width-auto elementor-widget elementor-widget-text-editor\" data-id=\"9fc859a\" data-element_type=\"widget\" data-widget_type=\"text-editor.default\">\n\t\t\t\t<div class=\"elementor-widget-container\">\n\t\t\t<style>\/*! elementor - v3.23.0 - 15-07-2024 *\/\n.elementor-widget-text-editor.elementor-drop-cap-view-stacked .elementor-drop-cap{background-color:#69727d;color:#fff}.elementor-widget-text-editor.elementor-drop-cap-view-framed .elementor-drop-cap{color:#69727d;border:3px solid;background-color:transparent}.elementor-widget-text-editor:not(.elementor-drop-cap-view-default) .elementor-drop-cap{margin-top:8px}.elementor-widget-text-editor:not(.elementor-drop-cap-view-default) .elementor-drop-cap-letter{width:1em;height:1em}.elementor-widget-text-editor .elementor-drop-cap{float:left;text-align:center;line-height:1;font-size:50px}.elementor-widget-text-editor .elementor-drop-cap-letter{display:inline-block}<\/style>\t\t\t\t<table dir=\"ltr\" border=\"1\" cellspacing=\"0\" cellpadding=\"0\" data-sheets-root=\"1\" data-sheets-baot=\"1\"><colgroup> <col width=\"425\" \/> <col width=\"61\" \/> <col width=\"61\" \/><\/colgroup><tbody><tr><td>Ceny do 31.12.2024r.<\/td><td>\u00a0<\/td><td>\u00a0<\/td><\/tr><tr><td>NAZWA<\/td><td>1 os.<\/td><td>2os.<\/td><\/tr><tr><td>Warsztaty z batiku z 2 noclegami i wy\u017cywieniem<\/td><td>750<\/td><td>\u00a0<\/td><\/tr><tr><td>Warsztaty z lampion\u00f3w z 2 noclegami i wy\u017cywieniem<\/td><td>760<\/td><td>\u00a0<\/td><\/tr><tr><td>Warsztaty z decoupage z 2 noclegami i wy\u017cywieniem<\/td><td>790<\/td><td>\u00a0<\/td><\/tr><tr><td>Warsztaty z filcu z 2 noclegami i wy\u017cywieniem<\/td><td>760<\/td><td>\u00a0<\/td><\/tr><tr><td>Warsztaty z 1 noclegiem i wy\u017cywieniem, batik<\/td><td>390<\/td><td>\u00a0<\/td><\/tr><tr><td>Warsztaty z 1 noclegiem i wy\u017cywieniem, lampiony<\/td><td>400<\/td><td>\u00a0<\/td><\/tr><tr><td>Warsztaty z 1 noclegiem i wy\u017cywieniem, decoupage<\/td><td>430<\/td><td>\u00a0<\/td><\/tr><tr><td>Warsztaty z 1 noclegiem i wy\u017cywieniem, filc<\/td><td>410<\/td><td>\u00a0<\/td><\/tr><tr><td>Warsztaty jednodniowe z batiku<\/td><td>250<\/td><td>\u00a0<\/td><\/tr><tr><td>Warsztaty jednodniowe z lampion\u00f3w<\/td><td>260<\/td><td>\u00a0<\/td><\/tr><tr><td>Warsztaty jednodniowe z decoupage<\/td><td>290<\/td><td>\u00a0<\/td><\/tr><tr><td>Warsztaty jednodniowe z filcu<\/td><td>270<\/td><td>\u00a0<\/td><\/tr><tr><td>Warsztaty mama z c\u00f3rk\u0105 z 2 noclegami i wy\u017cywieniem, batik<\/td><td>\u00a0<\/td><td>1250<\/td><\/tr><tr><td>Warsztaty mama z c\u00f3rk\u0105 z 2 noclegami i wy\u017cywieniem, lampiony<\/td><td>\u00a0<\/td><td>1270<\/td><\/tr><tr><td>Warsztaty mama z c\u00f3rk\u0105 z 2 noclegami i wy\u017cywieniem, decoupage<\/td><td>\u00a0<\/td><td>1330<\/td><\/tr><tr><td>Warsztaty mama z c\u00f3rk\u0105 z 2 noclegami i wy\u017cywieniem, filc<\/td><td>\u00a0<\/td><td>1290<\/td><\/tr><tr><td>Warsztaty mama z c\u00f3rk\u0105 z 1 noclegiem i wy\u017cywieniem, batik<\/td><td>\u00a0<\/td><td>740<\/td><\/tr><tr><td>Warsztaty mama z c\u00f3rk\u0105 z 1 noclegiem i wy\u017cywieniem, lampiony<\/td><td>\u00a0<\/td><td>800<\/td><\/tr><tr><td>Warsztaty mama z c\u00f3rk\u0105 z 1 noclegiem i wy\u017cywieniem, decoupage<\/td><td>\u00a0<\/td><td>760<\/td><\/tr><tr><td>Warsztaty mama z c\u00f3rk\u0105 z 1 noclegiem i wy\u017cywieniem, filc<\/td><td>\u00a0<\/td><td>390<\/td><\/tr><tr><td>Warsztaty mama z c\u00f3rk\u0105 jednodniowe, batik<\/td><td>\u00a0<\/td><td>390<\/td><\/tr><tr><td>Warsztaty mama z c\u00f3rk\u0105 jednodniowe, lampiony<\/td><td>\u00a0<\/td><td>410<\/td><\/tr><tr><td>Warsztaty mama z c\u00f3rk\u0105 jednodniowe, decoupage<\/td><td>\u00a0<\/td><td>470<\/td><\/tr><tr><td>Warsztaty mama z c\u00f3rk\u0105 jednodniowe, filc<\/td><td>\u00a0<\/td><td>430<\/td><\/tr><tr><td>\u00a0<\/td><td>\u00a0<\/td><td>\u00a0<\/td><\/tr><tr><td>ZALICZKI<\/td><td>1os.<\/td><td>2.os.<\/td><\/tr><tr><td>Za warsztaty dwudniowe<\/td><td>300<\/td><td>\u00a0<\/td><\/tr><tr><td>za warsztaty jednodniowe<\/td><td>100<\/td><td>\u00a0<\/td><\/tr><tr><td>za warsztaty mama z c\u00f3rk\u0105 dwudniowe<\/td><td>\u00a0<\/td><td>300<\/td><\/tr><tr><td>za warsztaty jednodniowe mama z c\u00f3rk\u0105<\/td><td>\u00a0<\/td><td>100<\/td><\/tr><tr><td>\u00a0<\/td><td>\u00a0<\/td><td>\u00a0<\/td><\/tr><tr><td>Koszy dodatkowego noclegu bez wy\u017cywienia w sezonie letnim<\/td><td>90<\/td><td>\u00a0<\/td><\/tr><tr><td>koszy dodatkowego noclegu bez wy\u017cywienia w sezonie grzewczym<\/td><td>120<\/td><td>\u00a0<\/td><\/tr><\/tbody><\/table>\t\t\t\t\t\t<\/div>\n\t\t\t\t<\/div>\n\t\t\t\t<div class=\"elementor-element elementor-element-73dbdfc elementor-widget elementor-widget-text-editor\" data-id=\"73dbdfc\" data-element_type=\"widget\" data-widget_type=\"text-editor.default\">\n\t\t\t\t<div class=\"elementor-widget-container\">\n\t\t\t\t\t\t\t<p>Minimalna liczba uczestnik\u00f3w na warsztatach to 2 os.&nbsp;<\/p><p>Drogi go\u015bciu \u2013 jestem otwarta na twoje potrzeby i mo\u017cliwo\u015bci. Zach\u0119cam Ci\u0119 do kontaktu i podania w\u0142asnej propozycji na spotkanie i termin, kt\u00f3ry b\u0119dzie dla ciebie najlepszy.&nbsp;<\/p><div><br><\/div>\t\t\t\t\t\t<\/div>\n\t\t\t\t<\/div>\n\t\t\t\t\t<\/div>\n\t\t<\/div>\n\t\t\t\t\t<\/div>\n\t\t<\/section>\n\t\t\t\t<\/div>\n\t\t","protected":false},"excerpt":{"rendered":"<p>Cennik przysta\u0144 pod lasem Ceny do 31.12.2024r. \u00a0 \u00a0 NAZWA 1 os. 2os. Warsztaty z batiku z 2 noclegami i wy\u017cywieniem 750 \u00a0 Warsztaty z lampion\u00f3w z 2 noclegami i wy\u017cywieniem 760 \u00a0 Warsztaty z decoupage z 2 noclegami i wy\u017cywieniem 790 \u00a0 Warsztaty z filcu z 2 noclegami i wy\u017cywieniem 760 \u00a0 Warsztaty z [&hellip;]<\/p>\n","protected":false},"author":1,"featured_media":0,"parent":0,"menu_order":0,"comment_status":"closed","ping_status":"closed","template":"elementor_header_footer","meta":{"footnotes":""},"class_list":["post-1044","page","type-page","status-publish","hentry"],"yoast_head":"<!-- This site is optimized with the Yoast SEO plugin v23.8 - https:\/\/yoast.com\/wordpress\/plugins\/seo\/ -->\n<title>Cennik - Przysta\u0144 pod lasem<\/title>\n<meta name=\"robots\" content=\"index, follow, max-snippet:-1, max-image-preview:large, max-video-preview:-1\" \/>\n<link rel=\"canonical\" href=\"https:\/\/przystan-pod-lasem.com\/index.php\/cennik\/\" \/>\n<meta property=\"og:locale\" content=\"pl_PL\" \/>\n<meta property=\"og:type\" content=\"article\" \/>\n<meta property=\"og:title\" content=\"Cennik - Przysta\u0144 pod lasem\" \/>\n<meta property=\"og:description\" content=\"Cennik przysta\u0144 pod lasem Ceny do 31.12.2024r. \u00a0 \u00a0 NAZWA 1 os. 2os. Warsztaty z batiku z 2 noclegami i wy\u017cywieniem 750 \u00a0 Warsztaty z lampion\u00f3w z 2 noclegami i wy\u017cywieniem 760 \u00a0 Warsztaty z decoupage z 2 noclegami i wy\u017cywieniem 790 \u00a0 Warsztaty z filcu z 2 noclegami i wy\u017cywieniem 760 \u00a0 Warsztaty z [&hellip;]\" \/>\n<meta property=\"og:url\" content=\"https:\/\/przystan-pod-lasem.com\/index.php\/cennik\/\" \/>\n<meta property=\"og:site_name\" content=\"Przysta\u0144 pod lasem\" \/>\n<meta property=\"article:publisher\" content=\"https:\/\/www.facebook.com\/profile.php?id=100063678717255\" \/>\n<meta property=\"article:modified_time\" content=\"2024-09-23T17:22:50+00:00\" \/>\n<meta name=\"twitter:card\" content=\"summary_large_image\" \/>\n<meta name=\"twitter:label1\" content=\"Szacowany czas czytania\" \/>\n\t<meta name=\"twitter:data1\" content=\"2 minuty\" \/>\n<script type=\"application\/ld+json\" class=\"yoast-schema-graph\">{\"@context\":\"https:\/\/schema.org\",\"@graph\":[{\"@type\":\"WebPage\",\"@id\":\"https:\/\/przystan-pod-lasem.com\/index.php\/cennik\/\",\"url\":\"https:\/\/przystan-pod-lasem.com\/index.php\/cennik\/\",\"name\":\"Cennik - Przysta\u0144 pod lasem\",\"isPartOf\":{\"@id\":\"https:\/\/przystan-pod-lasem.com\/#website\"},\"datePublished\":\"2024-07-16T19:42:44+00:00\",\"dateModified\":\"2024-09-23T17:22:50+00:00\",\"breadcrumb\":{\"@id\":\"https:\/\/przystan-pod-lasem.com\/index.php\/cennik\/#breadcrumb\"},\"inLanguage\":\"pl-PL\",\"potentialAction\":[{\"@type\":\"ReadAction\",\"target\":[\"https:\/\/przystan-pod-lasem.com\/index.php\/cennik\/\"]}]},{\"@type\":\"BreadcrumbList\",\"@id\":\"https:\/\/przystan-pod-lasem.com\/index.php\/cennik\/#breadcrumb\",\"itemListElement\":[{\"@type\":\"ListItem\",\"position\":1,\"name\":\"Strona g\u0142\u00f3wna\",\"item\":\"https:\/\/przystan-pod-lasem.com\/\"},{\"@type\":\"ListItem\",\"position\":2,\"name\":\"Cennik\"}]},{\"@type\":\"WebSite\",\"@id\":\"https:\/\/przystan-pod-lasem.com\/#website\",\"url\":\"https:\/\/przystan-pod-lasem.com\/\",\"name\":\"Przysta\u0144 pod lasem\",\"description\":\"Kreatywna agroturystyka dla kobiet\",\"publisher\":{\"@id\":\"https:\/\/przystan-pod-lasem.com\/#organization\"},\"potentialAction\":[{\"@type\":\"SearchAction\",\"target\":{\"@type\":\"EntryPoint\",\"urlTemplate\":\"https:\/\/przystan-pod-lasem.com\/?s={search_term_string}\"},\"query-input\":{\"@type\":\"PropertyValueSpecification\",\"valueRequired\":true,\"valueName\":\"search_term_string\"}}],\"inLanguage\":\"pl-PL\"},{\"@type\":\"Organization\",\"@id\":\"https:\/\/przystan-pod-lasem.com\/#organization\",\"name\":\"Przysta\u0144 pod lasem\",\"url\":\"https:\/\/przystan-pod-lasem.com\/\",\"logo\":{\"@type\":\"ImageObject\",\"inLanguage\":\"pl-PL\",\"@id\":\"https:\/\/przystan-pod-lasem.com\/#\/schema\/logo\/image\/\",\"url\":\"https:\/\/przystan-pod-lasem.com\/wp-content\/uploads\/2024\/07\/Projekt-bez-nazwy-5.jpg\",\"contentUrl\":\"https:\/\/przystan-pod-lasem.com\/wp-content\/uploads\/2024\/07\/Projekt-bez-nazwy-5.jpg\",\"width\":512,\"height\":512,\"caption\":\"Przysta\u0144 pod lasem\"},\"image\":{\"@id\":\"https:\/\/przystan-pod-lasem.com\/#\/schema\/logo\/image\/\"},\"sameAs\":[\"https:\/\/www.facebook.com\/profile.php?id=100063678717255\",\"https:\/\/www.instagram.com\/przystan_pod_lasem\/\"]}]}<\/script>\n<!-- \/ Yoast SEO plugin. -->","yoast_head_json":{"title":"Cennik - Przysta\u0144 pod lasem","robots":{"index":"index","follow":"follow","max-snippet":"max-snippet:-1","max-image-preview":"max-image-preview:large","max-video-preview":"max-video-preview:-1"},"canonical":"https:\/\/przystan-pod-lasem.com\/index.php\/cennik\/","og_locale":"pl_PL","og_type":"article","og_title":"Cennik - Przysta\u0144 pod lasem","og_description":"Cennik przysta\u0144 pod lasem Ceny do 31.12.2024r. \u00a0 \u00a0 NAZWA 1 os. 2os. Warsztaty z batiku z 2 noclegami i wy\u017cywieniem 750 \u00a0 Warsztaty z lampion\u00f3w z 2 noclegami i wy\u017cywieniem 760 \u00a0 Warsztaty z decoupage z 2 noclegami i wy\u017cywieniem 790 \u00a0 Warsztaty z filcu z 2 noclegami i wy\u017cywieniem 760 \u00a0 Warsztaty z [&hellip;]","og_url":"https:\/\/przystan-pod-lasem.com\/index.php\/cennik\/","og_site_name":"Przysta\u0144 pod lasem","article_publisher":"https:\/\/www.facebook.com\/profile.php?id=100063678717255","article_modified_time":"2024-09-23T17:22:50+00:00","twitter_card":"summary_large_image","twitter_misc":{"Szacowany czas czytania":"2 minuty"},"schema":{"@context":"https:\/\/schema.org","@graph":[{"@type":"WebPage","@id":"https:\/\/przystan-pod-lasem.com\/index.php\/cennik\/","url":"https:\/\/przystan-pod-lasem.com\/index.php\/cennik\/","name":"Cennik - Przysta\u0144 pod lasem","isPartOf":{"@id":"https:\/\/przystan-pod-lasem.com\/#website"},"datePublished":"2024-07-16T19:42:44+00:00","dateModified":"2024-09-23T17:22:50+00:00","breadcrumb":{"@id":"https:\/\/przystan-pod-lasem.com\/index.php\/cennik\/#breadcrumb"},"inLanguage":"pl-PL","potentialAction":[{"@type":"ReadAction","target":["https:\/\/przystan-pod-lasem.com\/index.php\/cennik\/"]}]},{"@type":"BreadcrumbList","@id":"https:\/\/przystan-pod-lasem.com\/index.php\/cennik\/#breadcrumb","itemListElement":[{"@type":"ListItem","position":1,"name":"Strona g\u0142\u00f3wna","item":"https:\/\/przystan-pod-lasem.com\/"},{"@type":"ListItem","position":2,"name":"Cennik"}]},{"@type":"WebSite","@id":"https:\/\/przystan-pod-lasem.com\/#website","url":"https:\/\/przystan-pod-lasem.com\/","name":"Przysta\u0144 pod lasem","description":"Kreatywna agroturystyka dla kobiet","publisher":{"@id":"https:\/\/przystan-pod-lasem.com\/#organization"},"potentialAction":[{"@type":"SearchAction","target":{"@type":"EntryPoint","urlTemplate":"https:\/\/przystan-pod-lasem.com\/?s={search_term_string}"},"query-input":{"@type":"PropertyValueSpecification","valueRequired":true,"valueName":"search_term_string"}}],"inLanguage":"pl-PL"},{"@type":"Organization","@id":"https:\/\/przystan-pod-lasem.com\/#organization","name":"Przysta\u0144 pod lasem","url":"https:\/\/przystan-pod-lasem.com\/","logo":{"@type":"ImageObject","inLanguage":"pl-PL","@id":"https:\/\/przystan-pod-lasem.com\/#\/schema\/logo\/image\/","url":"https:\/\/przystan-pod-lasem.com\/wp-content\/uploads\/2024\/07\/Projekt-bez-nazwy-5.jpg","contentUrl":"https:\/\/przystan-pod-lasem.com\/wp-content\/uploads\/2024\/07\/Projekt-bez-nazwy-5.jpg","width":512,"height":512,"caption":"Przysta\u0144 pod lasem"},"image":{"@id":"https:\/\/przystan-pod-lasem.com\/#\/schema\/logo\/image\/"},"sameAs":["https:\/\/www.facebook.com\/profile.php?id=100063678717255","https:\/\/www.instagram.com\/przystan_pod_lasem\/"]}]}},"_links":{"self":[{"href":"https:\/\/przystan-pod-lasem.com\/index.php\/wp-json\/wp\/v2\/pages\/1044","targetHints":{"allow":["GET"]}}],"collection":[{"href":"https:\/\/przystan-pod-lasem.com\/index.php\/wp-json\/wp\/v2\/pages"}],"about":[{"href":"https:\/\/przystan-pod-lasem.com\/index.php\/wp-json\/wp\/v2\/types\/page"}],"author":[{"embeddable":true,"href":"https:\/\/przystan-pod-lasem.com\/index.php\/wp-json\/wp\/v2\/users\/1"}],"replies":[{"embeddable":true,"href":"https:\/\/przystan-pod-lasem.com\/index.php\/wp-json\/wp\/v2\/comments?post=1044"}],"version-history":[{"count":22,"href":"https:\/\/przystan-pod-lasem.com\/index.php\/wp-json\/wp\/v2\/pages\/1044\/revisions"}],"predecessor-version":[{"id":1816,"href":"https:\/\/przystan-pod-lasem.com\/index.php\/wp-json\/wp\/v2\/pages\/1044\/revisions\/1816"}],"wp:attachment":[{"href":"https:\/\/przystan-pod-lasem.com\/index.php\/wp-json\/wp\/v2\/media?parent=1044"}],"curies":[{"name":"wp","href":"https:\/\/api.w.org\/{rel}","templated":true}]}}